{"id":1873,"date":"2023-12-01T13:02:29","date_gmt":"2023-12-01T13:02:29","guid":{"rendered":"http:\/\/www.barbersandbeer.fi\/?page_id=1873"},"modified":"2025-02-07T08:31:17","modified_gmt":"2025-02-07T08:31:17","slug":"staff-aku","status":"publish","type":"page","link":"https:\/\/www.barbersandbeer.fi\/en\/staff-aku\/","title":{"rendered":"Staff &#8211; Aku"},"content":{"rendered":"<div data-elementor-type=\"wp-page\" data-elementor-id=\"1873\" class=\"elementor elementor-1873\" data-elementor-post-type=\"page\">\n\t\t\t\t\t\t<section class=\"elementor-section elementor-top-section elementor-element elementor-element-0ff31a3 elementor-section-height-min-height elementor-section-boxed elementor-section-height-default elementor-section-items-middle\" data-id=\"0ff31a3\" data-element_type=\"section\" data-e-type=\"section\" data-settings=\"{&quot;background_background&quot;:&quot;classic&quot;}\">\n\t\t\t\t\t\t\t<div class=\"elementor-background-overlay\"><\/div>\n\t\t\t\t\t\t\t<div class=\"elementor-container elementor-column-gap-no\">\n\t\t\t\t\t<div class=\"elementor-column elementor-col-100 elementor-top-column elementor-element elementor-element-f71528c\" data-id=\"f71528c\" data-element_type=\"column\" data-e-type=\"column\">\n\t\t\t<div class=\"elementor-widget-wrap elementor-element-populated\">\n\t\t\t\t\t\t<div class=\"elementor-element elementor-element-7d9c711 elementor-widget elementor-widget-heading\" data-id=\"7d9c711\" data-element_type=\"widget\" data-e-type=\"widget\" data-widget_type=\"heading.default\">\n\t\t\t\t<div class=\"elementor-widget-container\">\n\t\t\t\t\t<h1 class=\"elementor-heading-title elementor-size-default\">Aku<\/h1>\t\t\t\t<\/div>\n\t\t\t\t<\/div>\n\t\t\t\t\t<\/div>\n\t\t<\/div>\n\t\t\t\t\t<\/div>\n\t\t<\/section>\n\t\t<div class=\"elementor-element elementor-element-f8b0729 e-flex e-con-boxed e-con e-parent\" data-id=\"f8b0729\" data-element_type=\"container\" data-e-type=\"container\" data-settings=\"{&quot;background_background&quot;:&quot;classic&quot;}\">\n\t\t\t\t\t<div class=\"e-con-inner\">\n\t\t<div class=\"elementor-element elementor-element-59bca77 e-flex e-con-boxed e-con e-child\" data-id=\"59bca77\" data-element_type=\"container\" data-e-type=\"container\">\n\t\t\t\t\t<div class=\"e-con-inner\">\n\t\t\t\t<div class=\"elementor-element elementor-element-a4baebd elementor-widget elementor-widget-image\" data-id=\"a4baebd\" data-element_type=\"widget\" data-e-type=\"widget\" data-widget_type=\"image.default\">\n\t\t\t\t<div class=\"elementor-widget-container\">\n\t\t\t\t\t\t\t\t\t\t\t\t\t\t\t<img fetchpriority=\"high\" decoding=\"async\" width=\"600\" height=\"600\" src=\"https:\/\/www.barbersandbeer.fi\/wp-content\/uploads\/2023\/12\/aku_600x600px.jpg\" class=\"attachment-large size-large wp-image-1756\" alt=\"\" srcset=\"https:\/\/www.barbersandbeer.fi\/wp-content\/uploads\/2023\/12\/aku_600x600px.jpg 600w, https:\/\/www.barbersandbeer.fi\/wp-content\/uploads\/2023\/12\/aku_600x600px-300x300.jpg 300w, https:\/\/www.barbersandbeer.fi\/wp-content\/uploads\/2023\/12\/aku_600x600px-100x100.jpg 100w, https:\/\/www.barbersandbeer.fi\/wp-content\/uploads\/2023\/12\/aku_600x600px-416x416.jpg 416w, https:\/\/www.barbersandbeer.fi\/wp-content\/uploads\/2023\/12\/aku_600x600px-150x150.jpg 150w\" sizes=\"(max-width: 600px) 100vw, 600px\" \/>\t\t\t\t\t\t\t\t\t\t\t\t\t\t\t<\/div>\n\t\t\t\t<\/div>\n\t\t\t\t\t<\/div>\n\t\t\t\t<\/div>\n\t\t<div class=\"elementor-element elementor-element-933bd17 e-flex e-con-boxed e-con e-child\" data-id=\"933bd17\" data-element_type=\"container\" data-e-type=\"container\">\n\t\t\t\t\t<div class=\"e-con-inner\">\n\t\t\t\t<div class=\"elementor-element elementor-element-1c09404 elementor-widget elementor-widget-heading\" data-id=\"1c09404\" data-element_type=\"widget\" data-e-type=\"widget\" data-widget_type=\"heading.default\">\n\t\t\t\t<div class=\"elementor-widget-container\">\n\t\t\t\t\t<h2 class=\"elementor-heading-title elementor-size-default\">Aku<\/h2>\t\t\t\t<\/div>\n\t\t\t\t<\/div>\n\t\t\t\t<div class=\"elementor-element elementor-element-ad60e20 elementor-widget elementor-widget-text-editor\" data-id=\"ad60e20\" data-element_type=\"widget\" data-e-type=\"widget\" data-widget_type=\"text-editor.default\">\n\t\t\t\t<div class=\"elementor-widget-container\">\n\t\t\t\t\t\t\t\t\t<div class=\"elementor-element elementor-element-ecaf45c elementor-widget elementor-widget-text-editor\" data-id=\"ecaf45c\" data-element_type=\"widget\" data-widget_type=\"text-editor.default\"><div class=\"elementor-widget-container\"><div class=\"elementor-element elementor-element-d7f83ce elementor-widget elementor-widget-text-editor\" data-id=\"d7f83ce\" data-element_type=\"widget\" data-widget_type=\"text-editor.default\"><div class=\"elementor-widget-container\"><div class=\"elementor-element elementor-element-c5c7a29 elementor-widget elementor-widget-text-editor\" data-id=\"c5c7a29\" data-element_type=\"widget\" data-widget_type=\"text-editor.default\"><div class=\"elementor-widget-container\"><div class=\"elementor-element elementor-element-a656497 elementor-widget elementor-widget-text-editor\" data-id=\"a656497\" data-element_type=\"widget\" data-widget_type=\"text-editor.default\"><div class=\"elementor-widget-container\"><div class=\"elementor-element elementor-element-a656497 elementor-widget elementor-widget-text-editor\" data-id=\"a656497\" data-element_type=\"widget\" data-widget_type=\"text-editor.default\"><div class=\"elementor-widget-container\"><div class=\"elementor-element elementor-element-05098cc elementor-widget elementor-widget-text-editor\" data-id=\"05098cc\" data-element_type=\"widget\" data-widget_type=\"text-editor.default\"><div class=\"elementor-widget-container\"><div class=\"elementor-element elementor-element-7782d8e elementor-widget elementor-widget-text-editor\" data-id=\"7782d8e\" data-element_type=\"widget\" data-widget_type=\"text-editor.default\"><div class=\"elementor-widget-container\"><p>Co-owner of the Barbers &amp; Beer Company, the \"General Secretary of Beer\", a \"Jack of all trades\" and also supplies the role of bartender.<\/p><p><strong>\u00a0<\/strong>Aku also handles everything related to events, so if you would like to organise a private event at one of our shops, please contact Aku.<\/p><p><strong>Favourite drink:<\/strong> Jallu<\/p><\/div><\/div><\/div><\/div><\/div><\/div><\/div><\/div><\/div><\/div><\/div><\/div><\/div><\/div>\t\t\t\t\t\t\t\t<\/div>\n\t\t\t\t<\/div>\n\t\t\t\t\t<\/div>\n\t\t\t\t<\/div>\n\t\t\t\t\t<\/div>\n\t\t\t\t<\/div>\n\t\t\t\t<\/div>","protected":false},"excerpt":{"rendered":"<p>Aku Aku Barbers &amp; Beer Companyn toinen omistajista, oluen p\u00e4\u00e4sihteeri, \u201dJack of all trades\u201d sek\u00e4 tarvittaessa toimittaa my\u00f6s baarimikon roolia. \u00a0Akun osa-aluetta on my\u00f6s tapahtumat ja kaikki siihen liittyv\u00e4t, joten jos mietinn\u00e4ss\u00e4 yksityistilaisuus Barbers &amp; Beer Companylla, ota yhteytt\u00e4 Akuun! Lempijuoma: Jallu<\/p>","protected":false},"author":1,"featured_media":0,"parent":0,"menu_order":0,"comment_status":"closed","ping_status":"closed","template":"","meta":{"_acf_changed":false,"site-sidebar-layout":"no-sidebar","site-content-layout":"page-builder","ast-site-content-layout":"full-width-container","site-content-style":"unboxed","site-sidebar-style":"unboxed","ast-global-header-display":"","ast-banner-title-visibility":"","ast-main-header-display":"","ast-hfb-above-header-display":"","ast-hfb-below-header-display":"","ast-hfb-mobile-header-display":"","site-post-title":"disabled","ast-breadcrumbs-content":"disabled","ast-featured-img":"disabled","footer-sml-layout":"","ast-disable-related-posts":"","theme-transparent-header-meta":"enabled","adv-header-id-meta":"","stick-header-meta":"","header-above-stick-meta":"","header-main-stick-meta":"","header-below-stick-meta":"","astra-migrate-meta-layouts":"set","ast-page-background-enabled":"default","ast-page-background-meta":{"desktop":{"background-color":"","background-image":"","background-repeat":"repeat","background-position":"center center","background-size":"auto","background-attachment":"scroll","background-type":"","background-media":"","overlay-type":"","overlay-color":"","overlay-opacity":"","overlay-gradient":""},"tablet":{"background-color":"","background-image":"","background-repeat":"repeat","background-position":"center center","background-size":"auto","background-attachment":"scroll","background-type":"","background-media":"","overlay-type":"","overlay-color":"","overlay-opacity":"","overlay-gradient":""},"mobile":{"background-color":"","background-image":"","background-repeat":"repeat","background-position":"center center","background-size":"auto","background-attachment":"scroll","background-type":"","background-media":"","overlay-type":"","overlay-color":"","overlay-opacity":"","overlay-gradient":""}},"ast-content-background-meta":{"desktop":{"background-color":"var(--ast-global-color-5)","background-image":"","background-repeat":"repeat","background-position":"center center","background-size":"auto","background-attachment":"scroll","background-type":"","background-media":"","overlay-type":"","overlay-color":"","overlay-opacity":"","overlay-gradient":""},"tablet":{"background-color":"var(--ast-global-color-5)","background-image":"","background-repeat":"repeat","background-position":"center center","background-size":"auto","background-attachment":"scroll","background-type":"","background-media":"","overlay-type":"","overlay-color":"","overlay-opacity":"","overlay-gradient":""},"mobile":{"background-color":"var(--ast-global-color-5)","background-image":"","background-repeat":"repeat","background-position":"center center","background-size":"auto","background-attachment":"scroll","background-type":"","background-media":"","overlay-type":"","overlay-color":"","overlay-opacity":"","overlay-gradient":""}},"footnotes":""},"class_list":["post-1873","page","type-page","status-publish","hentry"],"acf":[],"yoast_head":"<!-- This site is optimized with the Yoast SEO plugin v27.5 - https:\/\/yoast.com\/product\/yoast-seo-wordpress\/ -->\n<title>Staff - Aku - Barbers and Beer<\/title>\n<meta name=\"robots\" content=\"index, follow, max-snippet:-1, max-image-preview:large, max-video-preview:-1\" \/>\n<link rel=\"canonical\" href=\"https:\/\/www.barbersandbeer.fi\/en\/staff-aku\/\" \/>\n<meta property=\"og:locale\" content=\"en_US\" \/>\n<meta property=\"og:type\" content=\"article\" \/>\n<meta property=\"og:title\" content=\"Staff - Aku - Barbers and Beer\" \/>\n<meta property=\"og:description\" content=\"Aku Aku Barbers &amp; Beer Companyn toinen omistajista, oluen p\u00e4\u00e4sihteeri, \u201dJack of all trades\u201d sek\u00e4 tarvittaessa toimittaa my\u00f6s baarimikon roolia. \u00a0Akun osa-aluetta on my\u00f6s tapahtumat ja kaikki siihen liittyv\u00e4t, joten jos mietinn\u00e4ss\u00e4 yksityistilaisuus Barbers &amp; Beer Companylla, ota yhteytt\u00e4 Akuun! Lempijuoma: Jallu\" \/>\n<meta property=\"og:url\" content=\"https:\/\/www.barbersandbeer.fi\/en\/staff-aku\/\" \/>\n<meta property=\"og:site_name\" content=\"Barbers and Beer\" \/>\n<meta property=\"article:publisher\" content=\"https:\/\/www.facebook.com\/barbersandbeercompany\" \/>\n<meta property=\"article:modified_time\" content=\"2025-02-07T08:31:17+00:00\" \/>\n<meta property=\"og:image\" content=\"http:\/\/www.barbersandbeer.fi\/wp-content\/uploads\/2023\/12\/aku_600x600px.jpg\" \/>\n<meta name=\"twitter:card\" content=\"summary_large_image\" \/>\n<meta name=\"twitter:label1\" content=\"Est. reading time\" \/>\n\t<meta name=\"twitter:data1\" content=\"2 minutes\" \/>\n<script type=\"application\/ld+json\" class=\"yoast-schema-graph\">{\"@context\":\"https:\\\/\\\/schema.org\",\"@graph\":[{\"@type\":\"WebPage\",\"@id\":\"https:\\\/\\\/www.barbersandbeer.fi\\\/staff-aku\\\/\",\"url\":\"https:\\\/\\\/www.barbersandbeer.fi\\\/staff-aku\\\/\",\"name\":\"Staff - Aku - Barbers and Beer\",\"isPartOf\":{\"@id\":\"http:\\\/\\\/www.barbersandbeer.fi\\\/#website\"},\"primaryImageOfPage\":{\"@id\":\"https:\\\/\\\/www.barbersandbeer.fi\\\/staff-aku\\\/#primaryimage\"},\"image\":{\"@id\":\"https:\\\/\\\/www.barbersandbeer.fi\\\/staff-aku\\\/#primaryimage\"},\"thumbnailUrl\":\"http:\\\/\\\/www.barbersandbeer.fi\\\/wp-content\\\/uploads\\\/2023\\\/12\\\/aku_600x600px.jpg\",\"datePublished\":\"2023-12-01T13:02:29+00:00\",\"dateModified\":\"2025-02-07T08:31:17+00:00\",\"breadcrumb\":{\"@id\":\"https:\\\/\\\/www.barbersandbeer.fi\\\/staff-aku\\\/#breadcrumb\"},\"inLanguage\":\"en-US\",\"potentialAction\":[{\"@type\":\"ReadAction\",\"target\":[\"https:\\\/\\\/www.barbersandbeer.fi\\\/staff-aku\\\/\"]}]},{\"@type\":\"ImageObject\",\"inLanguage\":\"en-US\",\"@id\":\"https:\\\/\\\/www.barbersandbeer.fi\\\/staff-aku\\\/#primaryimage\",\"url\":\"http:\\\/\\\/www.barbersandbeer.fi\\\/wp-content\\\/uploads\\\/2023\\\/12\\\/aku_600x600px.jpg\",\"contentUrl\":\"http:\\\/\\\/www.barbersandbeer.fi\\\/wp-content\\\/uploads\\\/2023\\\/12\\\/aku_600x600px.jpg\"},{\"@type\":\"BreadcrumbList\",\"@id\":\"https:\\\/\\\/www.barbersandbeer.fi\\\/staff-aku\\\/#breadcrumb\",\"itemListElement\":[{\"@type\":\"ListItem\",\"position\":1,\"name\":\"Home\",\"item\":\"http:\\\/\\\/www.barbersandbeer.fi\\\/\"},{\"@type\":\"ListItem\",\"position\":2,\"name\":\"Staff &#8211; Aku\"}]},{\"@type\":\"WebSite\",\"@id\":\"http:\\\/\\\/www.barbersandbeer.fi\\\/#website\",\"url\":\"http:\\\/\\\/www.barbersandbeer.fi\\\/\",\"name\":\"Barbers and Beer\",\"description\":\"Tukka minttiin - Olut vinttiin\",\"publisher\":{\"@id\":\"http:\\\/\\\/www.barbersandbeer.fi\\\/#organization\"},\"potentialAction\":[{\"@type\":\"SearchAction\",\"target\":{\"@type\":\"EntryPoint\",\"urlTemplate\":\"http:\\\/\\\/www.barbersandbeer.fi\\\/?s={search_term_string}\"},\"query-input\":{\"@type\":\"PropertyValueSpecification\",\"valueRequired\":true,\"valueName\":\"search_term_string\"}}],\"inLanguage\":\"en-US\"},{\"@type\":\"Organization\",\"@id\":\"http:\\\/\\\/www.barbersandbeer.fi\\\/#organization\",\"name\":\"Barbers and Beer\",\"url\":\"http:\\\/\\\/www.barbersandbeer.fi\\\/\",\"logo\":{\"@type\":\"ImageObject\",\"inLanguage\":\"en-US\",\"@id\":\"http:\\\/\\\/www.barbersandbeer.fi\\\/#\\\/schema\\\/logo\\\/image\\\/\",\"url\":\"http:\\\/\\\/www.barbersandbeer.fi\\\/wp-content\\\/uploads\\\/2023\\\/11\\\/bbc_favicon.jpg\",\"contentUrl\":\"http:\\\/\\\/www.barbersandbeer.fi\\\/wp-content\\\/uploads\\\/2023\\\/11\\\/bbc_favicon.jpg\",\"width\":512,\"height\":512,\"caption\":\"Barbers and Beer\"},\"image\":{\"@id\":\"http:\\\/\\\/www.barbersandbeer.fi\\\/#\\\/schema\\\/logo\\\/image\\\/\"},\"sameAs\":[\"https:\\\/\\\/www.facebook.com\\\/barbersandbeercompany\"]}]}<\/script>\n<!-- \/ Yoast SEO plugin. -->","yoast_head_json":{"title":"Staff - Aku - Barbers and Beer","robots":{"index":"index","follow":"follow","max-snippet":"max-snippet:-1","max-image-preview":"max-image-preview:large","max-video-preview":"max-video-preview:-1"},"canonical":"https:\/\/www.barbersandbeer.fi\/en\/staff-aku\/","og_locale":"en_US","og_type":"article","og_title":"Staff - Aku - Barbers and Beer","og_description":"Aku Aku Barbers &amp; Beer Companyn toinen omistajista, oluen p\u00e4\u00e4sihteeri, \u201dJack of all trades\u201d sek\u00e4 tarvittaessa toimittaa my\u00f6s baarimikon roolia. \u00a0Akun osa-aluetta on my\u00f6s tapahtumat ja kaikki siihen liittyv\u00e4t, joten jos mietinn\u00e4ss\u00e4 yksityistilaisuus Barbers &amp; Beer Companylla, ota yhteytt\u00e4 Akuun! Lempijuoma: Jallu","og_url":"https:\/\/www.barbersandbeer.fi\/en\/staff-aku\/","og_site_name":"Barbers and Beer","article_publisher":"https:\/\/www.facebook.com\/barbersandbeercompany","article_modified_time":"2025-02-07T08:31:17+00:00","og_image":[{"url":"http:\/\/www.barbersandbeer.fi\/wp-content\/uploads\/2023\/12\/aku_600x600px.jpg","type":"","width":"","height":""}],"twitter_card":"summary_large_image","twitter_misc":{"Est. reading time":"2 minutes"},"schema":{"@context":"https:\/\/schema.org","@graph":[{"@type":"WebPage","@id":"https:\/\/www.barbersandbeer.fi\/staff-aku\/","url":"https:\/\/www.barbersandbeer.fi\/staff-aku\/","name":"Staff - Aku - Barbers and Beer","isPartOf":{"@id":"http:\/\/www.barbersandbeer.fi\/#website"},"primaryImageOfPage":{"@id":"https:\/\/www.barbersandbeer.fi\/staff-aku\/#primaryimage"},"image":{"@id":"https:\/\/www.barbersandbeer.fi\/staff-aku\/#primaryimage"},"thumbnailUrl":"http:\/\/www.barbersandbeer.fi\/wp-content\/uploads\/2023\/12\/aku_600x600px.jpg","datePublished":"2023-12-01T13:02:29+00:00","dateModified":"2025-02-07T08:31:17+00:00","breadcrumb":{"@id":"https:\/\/www.barbersandbeer.fi\/staff-aku\/#breadcrumb"},"inLanguage":"en-US","potentialAction":[{"@type":"ReadAction","target":["https:\/\/www.barbersandbeer.fi\/staff-aku\/"]}]},{"@type":"ImageObject","inLanguage":"en-US","@id":"https:\/\/www.barbersandbeer.fi\/staff-aku\/#primaryimage","url":"http:\/\/www.barbersandbeer.fi\/wp-content\/uploads\/2023\/12\/aku_600x600px.jpg","contentUrl":"http:\/\/www.barbersandbeer.fi\/wp-content\/uploads\/2023\/12\/aku_600x600px.jpg"},{"@type":"BreadcrumbList","@id":"https:\/\/www.barbersandbeer.fi\/staff-aku\/#breadcrumb","itemListElement":[{"@type":"ListItem","position":1,"name":"Home","item":"http:\/\/www.barbersandbeer.fi\/"},{"@type":"ListItem","position":2,"name":"Staff &#8211; Aku"}]},{"@type":"WebSite","@id":"http:\/\/www.barbersandbeer.fi\/#website","url":"http:\/\/www.barbersandbeer.fi\/","name":"Barbers and Beer","description":"Tukka minttiin - Olut vinttiin","publisher":{"@id":"http:\/\/www.barbersandbeer.fi\/#organization"},"potentialAction":[{"@type":"SearchAction","target":{"@type":"EntryPoint","urlTemplate":"http:\/\/www.barbersandbeer.fi\/?s={search_term_string}"},"query-input":{"@type":"PropertyValueSpecification","valueRequired":true,"valueName":"search_term_string"}}],"inLanguage":"en-US"},{"@type":"Organization","@id":"http:\/\/www.barbersandbeer.fi\/#organization","name":"Barbers and Beer","url":"http:\/\/www.barbersandbeer.fi\/","logo":{"@type":"ImageObject","inLanguage":"en-US","@id":"http:\/\/www.barbersandbeer.fi\/#\/schema\/logo\/image\/","url":"http:\/\/www.barbersandbeer.fi\/wp-content\/uploads\/2023\/11\/bbc_favicon.jpg","contentUrl":"http:\/\/www.barbersandbeer.fi\/wp-content\/uploads\/2023\/11\/bbc_favicon.jpg","width":512,"height":512,"caption":"Barbers and Beer"},"image":{"@id":"http:\/\/www.barbersandbeer.fi\/#\/schema\/logo\/image\/"},"sameAs":["https:\/\/www.facebook.com\/barbersandbeercompany"]}]}},"_links":{"self":[{"href":"https:\/\/www.barbersandbeer.fi\/en\/wp-json\/wp\/v2\/pages\/1873","targetHints":{"allow":["GET"]}}],"collection":[{"href":"https:\/\/www.barbersandbeer.fi\/en\/wp-json\/wp\/v2\/pages"}],"about":[{"href":"https:\/\/www.barbersandbeer.fi\/en\/wp-json\/wp\/v2\/types\/page"}],"author":[{"embeddable":true,"href":"https:\/\/www.barbersandbeer.fi\/en\/wp-json\/wp\/v2\/users\/1"}],"replies":[{"embeddable":true,"href":"https:\/\/www.barbersandbeer.fi\/en\/wp-json\/wp\/v2\/comments?post=1873"}],"version-history":[{"count":5,"href":"https:\/\/www.barbersandbeer.fi\/en\/wp-json\/wp\/v2\/pages\/1873\/revisions"}],"predecessor-version":[{"id":3336,"href":"https:\/\/www.barbersandbeer.fi\/en\/wp-json\/wp\/v2\/pages\/1873\/revisions\/3336"}],"wp:attachment":[{"href":"https:\/\/www.barbersandbeer.fi\/en\/wp-json\/wp\/v2\/media?parent=1873"}],"curies":[{"name":"wp","href":"https:\/\/api.w.org\/{rel}","templated":true}]}}