{"id":1224,"date":"2023-11-13T17:23:51","date_gmt":"2023-11-13T17:23:51","guid":{"rendered":"http:\/\/www.barbersandbeer.fi\/?post_type=product&#038;p=1224"},"modified":"2026-04-02T15:56:17","modified_gmt":"2026-04-02T13:56:17","slug":"hiustenleikkuu","status":"publish","type":"product","link":"https:\/\/www.barbersandbeer.fi\/en\/product\/hiustenleikkuu\/","title":{"rendered":"Grooming package<br>Hair + Beard"},"content":{"rendered":"<p>Suosituin palvelusettimme miehelle, joka kaipaa sek\u00e4 parran ett\u00e4 hiuksien siistimist\u00e4. Anna lahjaksi hetki omaa laatuaikaa parturin penkiss\u00e4.<br \/>\nPakettiin sis\u00e4ltyy t\u00e4yden palvelun siistimisleikkaus, t\u00e4yden palvelun parran muotoilu sek\u00e4 vapaavalintainen olut\/virvoitusjuoma.<\/p>\n<p>The gift card is valid for 6 months.<\/p>","protected":false},"excerpt":{"rendered":"<p>Pakettiin sis\u00e4ltyy t\u00e4yden palvelun siistimisleikkaus, t\u00e4yden palvelun parran muotoilu sek\u00e4 vapaavalintainen olut\/virvoitusjuoma.<\/p>","protected":false},"featured_media":1505,"template":"","meta":{"site-sidebar-layout":"default","site-content-layout":"","ast-site-content-layout":"default","site-content-style":"default","site-sidebar-style":"default","ast-global-header-display":"","ast-banner-title-visibility":"","ast-main-header-display":"","ast-hfb-above-header-display":"","ast-hfb-below-header-display":"","ast-hfb-mobile-header-display":"","site-post-title":"","ast-breadcrumbs-content":"","ast-featured-img":"","footer-sml-layout":"","ast-disable-related-posts":"","theme-transparent-header-meta":"default","adv-header-id-meta":"","stick-header-meta":"","header-above-stick-meta":"","header-main-stick-meta":"","header-below-stick-meta":"","astra-migrate-meta-layouts":"set","ast-page-background-enabled":"default","ast-page-background-meta":{"desktop":{"background-color":"","background-image":"","background-repeat":"repeat","background-position":"center center","background-size":"auto","background-attachment":"scroll","background-type":"","background-media":"","overlay-type":"","overlay-color":"","overlay-opacity":"","overlay-gradient":""},"tablet":{"background-color":"","background-image":"","background-repeat":"repeat","background-position":"center center","background-size":"auto","background-attachment":"scroll","background-type":"","background-media":"","overlay-type":"","overlay-color":"","overlay-opacity":"","overlay-gradient":""},"mobile":{"background-color":"","background-image":"","background-repeat":"repeat","background-position":"center center","background-size":"auto","background-attachment":"scroll","background-type":"","background-media":"","overlay-type":"","overlay-color":"","overlay-opacity":"","overlay-gradient":""}},"ast-content-background-meta":{"desktop":{"background-color":"var(--ast-global-color-5)","background-image":"","background-repeat":"repeat","background-position":"center center","background-size":"auto","background-attachment":"scroll","background-type":"","background-media":"","overlay-type":"","overlay-color":"","overlay-opacity":"","overlay-gradient":""},"tablet":{"background-color":"var(--ast-global-color-5)","background-image":"","background-repeat":"repeat","background-position":"center center","background-size":"auto","background-attachment":"scroll","background-type":"","background-media":"","overlay-type":"","overlay-color":"","overlay-opacity":"","overlay-gradient":""},"mobile":{"background-color":"var(--ast-global-color-5)","background-image":"","background-repeat":"repeat","background-position":"center center","background-size":"auto","background-attachment":"scroll","background-type":"","background-media":"","overlay-type":"","overlay-color":"","overlay-opacity":"","overlay-gradient":""}}},"product_brand":[],"product_cat":[48],"product_tag":[],"class_list":{"0":"post-1224","1":"product","2":"type-product","3":"status-publish","4":"has-post-thumbnail","6":"product_cat-wps_wgm_giftcard","7":"desktop-align-center","8":"tablet-align-left","9":"mobile-align-left","10":"ast-product-gallery-layout-vertical-slider","11":"ast-product-gallery-with-no-image","12":"ast-product-tabs-layout-horizontal","14":"first","15":"instock","16":"virtual","17":"purchasable","18":"product-type-simple"},"yoast_head":"<!-- This site is optimized with the Yoast SEO plugin v27.4 - https:\/\/yoast.com\/product\/yoast-seo-wordpress\/ -->\n<title>SiistimispakettiHiukset + Parta - Barbers and Beer<\/title>\n<meta name=\"robots\" content=\"index, follow, max-snippet:-1, max-image-preview:large, max-video-preview:-1\" \/>\n<link rel=\"canonical\" href=\"https:\/\/www.barbersandbeer.fi\/en\/product\/hiustenleikkuu\/\" \/>\n<meta property=\"og:locale\" content=\"en_US\" \/>\n<meta property=\"og:type\" content=\"article\" \/>\n<meta property=\"og:title\" content=\"SiistimispakettiHiukset + Parta - Barbers and Beer\" \/>\n<meta property=\"og:description\" content=\"Pakettiin sis\u00e4ltyy t\u00e4yden palvelun siistimisleikkaus, t\u00e4yden palvelun parran muotoilu sek\u00e4 vapaavalintainen olut\/virvoitusjuoma.\" \/>\n<meta property=\"og:url\" content=\"https:\/\/www.barbersandbeer.fi\/en\/product\/hiustenleikkuu\/\" \/>\n<meta property=\"og:site_name\" content=\"Barbers and Beer\" \/>\n<meta property=\"article:publisher\" content=\"https:\/\/www.facebook.com\/barbersandbeercompany\" \/>\n<meta property=\"article:modified_time\" content=\"2026-04-02T13:56:17+00:00\" \/>\n<meta property=\"og:image\" content=\"https:\/\/www.barbersandbeer.fi\/wp-content\/uploads\/2023\/11\/lahjakortti_hiukset.jpg\" \/>\n\t<meta property=\"og:image:width\" content=\"500\" \/>\n\t<meta property=\"og:image:height\" content=\"500\" \/>\n\t<meta property=\"og:image:type\" content=\"image\/jpeg\" \/>\n<meta name=\"twitter:card\" content=\"summary_large_image\" \/>\n<meta name=\"twitter:label1\" content=\"Est. reading time\" \/>\n\t<meta name=\"twitter:data1\" content=\"1 minute\" \/>\n<script type=\"application\/ld+json\" class=\"yoast-schema-graph\">{\"@context\":\"https:\\\/\\\/schema.org\",\"@graph\":[{\"@type\":\"WebPage\",\"@id\":\"https:\\\/\\\/www.barbersandbeer.fi\\\/product\\\/hiustenleikkuu\\\/\",\"url\":\"https:\\\/\\\/www.barbersandbeer.fi\\\/product\\\/hiustenleikkuu\\\/\",\"name\":\"Siistimispaketti Hiukset + Parta - Barbers and Beer\",\"isPartOf\":{\"@id\":\"http:\\\/\\\/www.barbersandbeer.fi\\\/#website\"},\"primaryImageOfPage\":{\"@id\":\"https:\\\/\\\/www.barbersandbeer.fi\\\/product\\\/hiustenleikkuu\\\/#primaryimage\"},\"image\":{\"@id\":\"https:\\\/\\\/www.barbersandbeer.fi\\\/product\\\/hiustenleikkuu\\\/#primaryimage\"},\"thumbnailUrl\":\"https:\\\/\\\/www.barbersandbeer.fi\\\/wp-content\\\/uploads\\\/2023\\\/11\\\/lahjakortti_hiukset.jpg\",\"datePublished\":\"2023-11-13T17:23:51+00:00\",\"dateModified\":\"2026-04-02T13:56:17+00:00\",\"breadcrumb\":{\"@id\":\"https:\\\/\\\/www.barbersandbeer.fi\\\/product\\\/hiustenleikkuu\\\/#breadcrumb\"},\"inLanguage\":\"en-US\",\"potentialAction\":[{\"@type\":\"ReadAction\",\"target\":[\"https:\\\/\\\/www.barbersandbeer.fi\\\/product\\\/hiustenleikkuu\\\/\"]}]},{\"@type\":\"ImageObject\",\"inLanguage\":\"en-US\",\"@id\":\"https:\\\/\\\/www.barbersandbeer.fi\\\/product\\\/hiustenleikkuu\\\/#primaryimage\",\"url\":\"https:\\\/\\\/www.barbersandbeer.fi\\\/wp-content\\\/uploads\\\/2023\\\/11\\\/lahjakortti_hiukset.jpg\",\"contentUrl\":\"https:\\\/\\\/www.barbersandbeer.fi\\\/wp-content\\\/uploads\\\/2023\\\/11\\\/lahjakortti_hiukset.jpg\",\"width\":500,\"height\":500},{\"@type\":\"BreadcrumbList\",\"@id\":\"https:\\\/\\\/www.barbersandbeer.fi\\\/product\\\/hiustenleikkuu\\\/#breadcrumb\",\"itemListElement\":[{\"@type\":\"ListItem\",\"position\":1,\"name\":\"Home\",\"item\":\"http:\\\/\\\/www.barbersandbeer.fi\\\/\"},{\"@type\":\"ListItem\",\"position\":2,\"name\":\"Shop2\",\"item\":\"https:\\\/\\\/www.barbersandbeer.fi\\\/shop2\\\/\"},{\"@type\":\"ListItem\",\"position\":3,\"name\":\"SiistimispakettiHiukset + Parta\"}]},{\"@type\":\"WebSite\",\"@id\":\"http:\\\/\\\/www.barbersandbeer.fi\\\/#website\",\"url\":\"http:\\\/\\\/www.barbersandbeer.fi\\\/\",\"name\":\"Barbers and Beer\",\"description\":\"Tukka minttiin - Olut vinttiin\",\"publisher\":{\"@id\":\"http:\\\/\\\/www.barbersandbeer.fi\\\/#organization\"},\"potentialAction\":[{\"@type\":\"SearchAction\",\"target\":{\"@type\":\"EntryPoint\",\"urlTemplate\":\"http:\\\/\\\/www.barbersandbeer.fi\\\/?s={search_term_string}\"},\"query-input\":{\"@type\":\"PropertyValueSpecification\",\"valueRequired\":true,\"valueName\":\"search_term_string\"}}],\"inLanguage\":\"en-US\"},{\"@type\":\"Organization\",\"@id\":\"http:\\\/\\\/www.barbersandbeer.fi\\\/#organization\",\"name\":\"Barbers and Beer\",\"url\":\"http:\\\/\\\/www.barbersandbeer.fi\\\/\",\"logo\":{\"@type\":\"ImageObject\",\"inLanguage\":\"en-US\",\"@id\":\"http:\\\/\\\/www.barbersandbeer.fi\\\/#\\\/schema\\\/logo\\\/image\\\/\",\"url\":\"http:\\\/\\\/www.barbersandbeer.fi\\\/wp-content\\\/uploads\\\/2023\\\/11\\\/bbc_favicon.jpg\",\"contentUrl\":\"http:\\\/\\\/www.barbersandbeer.fi\\\/wp-content\\\/uploads\\\/2023\\\/11\\\/bbc_favicon.jpg\",\"width\":512,\"height\":512,\"caption\":\"Barbers and Beer\"},\"image\":{\"@id\":\"http:\\\/\\\/www.barbersandbeer.fi\\\/#\\\/schema\\\/logo\\\/image\\\/\"},\"sameAs\":[\"https:\\\/\\\/www.facebook.com\\\/barbersandbeercompany\"]}]}<\/script>\n<!-- \/ Yoast SEO plugin. -->","yoast_head_json":{"title":"SiistimispakettiHiukset + Parta - Barbers and Beer","robots":{"index":"index","follow":"follow","max-snippet":"max-snippet:-1","max-image-preview":"max-image-preview:large","max-video-preview":"max-video-preview:-1"},"canonical":"https:\/\/www.barbersandbeer.fi\/en\/product\/hiustenleikkuu\/","og_locale":"en_US","og_type":"article","og_title":"SiistimispakettiHiukset + Parta - Barbers and Beer","og_description":"Pakettiin sis\u00e4ltyy t\u00e4yden palvelun siistimisleikkaus, t\u00e4yden palvelun parran muotoilu sek\u00e4 vapaavalintainen olut\/virvoitusjuoma.","og_url":"https:\/\/www.barbersandbeer.fi\/en\/product\/hiustenleikkuu\/","og_site_name":"Barbers and Beer","article_publisher":"https:\/\/www.facebook.com\/barbersandbeercompany","article_modified_time":"2026-04-02T13:56:17+00:00","og_image":[{"width":500,"height":500,"url":"https:\/\/www.barbersandbeer.fi\/wp-content\/uploads\/2023\/11\/lahjakortti_hiukset.jpg","type":"image\/jpeg"}],"twitter_card":"summary_large_image","twitter_misc":{"Est. reading time":"1 minute"},"schema":{"@context":"https:\/\/schema.org","@graph":[{"@type":"WebPage","@id":"https:\/\/www.barbersandbeer.fi\/product\/hiustenleikkuu\/","url":"https:\/\/www.barbersandbeer.fi\/product\/hiustenleikkuu\/","name":"Siistimispaketti Hiukset + Parta - Barbers and Beer","isPartOf":{"@id":"http:\/\/www.barbersandbeer.fi\/#website"},"primaryImageOfPage":{"@id":"https:\/\/www.barbersandbeer.fi\/product\/hiustenleikkuu\/#primaryimage"},"image":{"@id":"https:\/\/www.barbersandbeer.fi\/product\/hiustenleikkuu\/#primaryimage"},"thumbnailUrl":"https:\/\/www.barbersandbeer.fi\/wp-content\/uploads\/2023\/11\/lahjakortti_hiukset.jpg","datePublished":"2023-11-13T17:23:51+00:00","dateModified":"2026-04-02T13:56:17+00:00","breadcrumb":{"@id":"https:\/\/www.barbersandbeer.fi\/product\/hiustenleikkuu\/#breadcrumb"},"inLanguage":"en-US","potentialAction":[{"@type":"ReadAction","target":["https:\/\/www.barbersandbeer.fi\/product\/hiustenleikkuu\/"]}]},{"@type":"ImageObject","inLanguage":"en-US","@id":"https:\/\/www.barbersandbeer.fi\/product\/hiustenleikkuu\/#primaryimage","url":"https:\/\/www.barbersandbeer.fi\/wp-content\/uploads\/2023\/11\/lahjakortti_hiukset.jpg","contentUrl":"https:\/\/www.barbersandbeer.fi\/wp-content\/uploads\/2023\/11\/lahjakortti_hiukset.jpg","width":500,"height":500},{"@type":"BreadcrumbList","@id":"https:\/\/www.barbersandbeer.fi\/product\/hiustenleikkuu\/#breadcrumb","itemListElement":[{"@type":"ListItem","position":1,"name":"Home","item":"http:\/\/www.barbersandbeer.fi\/"},{"@type":"ListItem","position":2,"name":"Shop2","item":"https:\/\/www.barbersandbeer.fi\/shop2\/"},{"@type":"ListItem","position":3,"name":"SiistimispakettiHiukset + Parta"}]},{"@type":"WebSite","@id":"http:\/\/www.barbersandbeer.fi\/#website","url":"http:\/\/www.barbersandbeer.fi\/","name":"Barbers and Beer","description":"Tukka minttiin - Olut vinttiin","publisher":{"@id":"http:\/\/www.barbersandbeer.fi\/#organization"},"potentialAction":[{"@type":"SearchAction","target":{"@type":"EntryPoint","urlTemplate":"http:\/\/www.barbersandbeer.fi\/?s={search_term_string}"},"query-input":{"@type":"PropertyValueSpecification","valueRequired":true,"valueName":"search_term_string"}}],"inLanguage":"en-US"},{"@type":"Organization","@id":"http:\/\/www.barbersandbeer.fi\/#organization","name":"Barbers and Beer","url":"http:\/\/www.barbersandbeer.fi\/","logo":{"@type":"ImageObject","inLanguage":"en-US","@id":"http:\/\/www.barbersandbeer.fi\/#\/schema\/logo\/image\/","url":"http:\/\/www.barbersandbeer.fi\/wp-content\/uploads\/2023\/11\/bbc_favicon.jpg","contentUrl":"http:\/\/www.barbersandbeer.fi\/wp-content\/uploads\/2023\/11\/bbc_favicon.jpg","width":512,"height":512,"caption":"Barbers and Beer"},"image":{"@id":"http:\/\/www.barbersandbeer.fi\/#\/schema\/logo\/image\/"},"sameAs":["https:\/\/www.facebook.com\/barbersandbeercompany"]}]}},"_links":{"self":[{"href":"https:\/\/www.barbersandbeer.fi\/en\/wp-json\/wp\/v2\/product\/1224","targetHints":{"allow":["GET"]}}],"collection":[{"href":"https:\/\/www.barbersandbeer.fi\/en\/wp-json\/wp\/v2\/product"}],"about":[{"href":"https:\/\/www.barbersandbeer.fi\/en\/wp-json\/wp\/v2\/types\/product"}],"wp:featuredmedia":[{"embeddable":true,"href":"https:\/\/www.barbersandbeer.fi\/en\/wp-json\/wp\/v2\/media\/1505"}],"wp:attachment":[{"href":"https:\/\/www.barbersandbeer.fi\/en\/wp-json\/wp\/v2\/media?parent=1224"}],"wp:term":[{"taxonomy":"product_brand","embeddable":true,"href":"https:\/\/www.barbersandbeer.fi\/en\/wp-json\/wp\/v2\/product_brand?post=1224"},{"taxonomy":"product_cat","embeddable":true,"href":"https:\/\/www.barbersandbeer.fi\/en\/wp-json\/wp\/v2\/product_cat?post=1224"},{"taxonomy":"product_tag","embeddable":true,"href":"https:\/\/www.barbersandbeer.fi\/en\/wp-json\/wp\/v2\/product_tag?post=1224"}],"curies":[{"name":"wp","href":"https:\/\/api.w.org\/{rel}","templated":true}]}}